{"id":3831,"date":"2017-07-20T16:50:51","date_gmt":"2017-07-20T15:50:51","guid":{"rendered":"https:\/\/www.audi-art.fr\/?page_id=3831"},"modified":"2023-03-15T13:31:04","modified_gmt":"2023-03-15T11:31:04","slug":"contact","status":"publish","type":"page","link":"https:\/\/www.audi-art.fr\/fr\/contact\/","title":{"rendered":"CONTACT"},"content":{"rendered":"<div id='contact'  class='avia-section main_color avia-section-default avia-no-border-styling  avia-bg-style-scroll  avia-builder-el-0  avia-builder-el-no-sibling   container_wrap fullsize' style=' '  ><div class='container' ><main  role=\"main\" itemprop=\"mainContentOfPage\"  class='template-page content  av-content-full alpha units'><div class='post-entry post-entry-type-page post-entry-3831'><div class='entry-content-wrapper clearfix'>\n<div class=\"flex_column av_one_half  flex_column_div first  avia-builder-el-1  el_before_av_one_half  avia-builder-el-first  \" style='border-width:1px; border-color:#e1e1e1; border-style:solid; padding:25px; border-radius:0px; '><p><div  style='padding-bottom:10px; ' class='av-special-heading av-special-heading-h2  blockquote modern-quote modern-centered  avia-builder-el-2  el_before_av_textblock  avia-builder-el-first  '><h2 class='av-special-heading-tag '  itemprop=\"headline\"  >Contactez-nous<\/h2><div class='special-heading-border'><div class='special-heading-inner-border' ><\/div><\/div><\/div><br \/>\n<section class=\"av_textblock_section \"  itemscope=\"itemscope\" itemtype=\"https:\/\/schema.org\/CreativeWork\" ><div class='avia_textblock  '   itemprop=\"text\" ><p style=\"text-align: center;\">Nous vous remercions de l&rsquo;int\u00e9r\u00eat que vous portez \u00e0 notre soci\u00e9t\u00e9. En compl\u00e9tant le formulaire suivant, vous nous permettrez de r\u00e9pondre plus efficacement \u00e0 votre demande.<\/p>\n<\/div><\/section><br \/>\n<div  style='padding-bottom:0px; font-size:20px;' class='av-special-heading av-special-heading-h5  blockquote modern-quote  avia-builder-el-4  el_after_av_textblock  el_before_av_iconlist  av-inherit-size '><h5 class='av-special-heading-tag '  itemprop=\"headline\"  >Groupe Auditorium Artistique<\/h5><div class='special-heading-border'><div class='special-heading-inner-border' ><\/div><\/div><\/div><br \/>\n<div  class='avia-icon-list-container   avia-builder-el-5  el_after_av_heading  el_before_av_contact '><ul class='avia-icon-list avia-icon-list-left av-iconlist-small avia_animate_when_almost_visible avia-iconlist-animate'>\n<li><div  class='iconlist_icon  avia-font-entypo-fontello'><span class='iconlist-char ' aria-hidden='true' data-av_icon='\ue854' data-av_iconfont='entypo-fontello'><\/span><\/div><article class=\"article-icon-entry av-iconlist-empty\"  itemscope=\"itemscope\" itemtype=\"https:\/\/schema.org\/CreativeWork\" ><div class='iconlist_content_wrap'><header class=\"entry-content-header\"><div class='av_iconlist_title iconlist_title_small   '  itemprop=\"headline\"  >T\u00e9l. : +33 (0)1 55 28 98 70<\/div><\/header><div class='iconlist_content  '  itemprop=\"text\"  ><\/div><\/div><footer class=\"entry-footer\"><\/footer><\/article><div class='iconlist-timeline'><\/div><\/li>\n<li><div  class='iconlist_icon  avia-font-entypo-fontello'><span class='iconlist-char ' aria-hidden='true' data-av_icon='\ue805' data-av_iconfont='entypo-fontello'><\/span><\/div><article class=\"article-icon-entry av-iconlist-empty\"  itemscope=\"itemscope\" itemtype=\"https:\/\/schema.org\/CreativeWork\" ><div class='iconlist_content_wrap'><header class=\"entry-content-header\"><div class='av_iconlist_title iconlist_title_small   '  itemprop=\"headline\"  >E-mail : contact@audi-art.com<\/div><\/header><div class='iconlist_content  '  itemprop=\"text\"  ><\/div><\/div><footer class=\"entry-footer\"><\/footer><\/article><div class='iconlist-timeline'><\/div><\/li>\n<li><div  class='iconlist_icon  avia-font-entypo-fontello'><span class='iconlist-char ' aria-hidden='true' data-av_icon='\ue8b1' data-av_iconfont='entypo-fontello'><\/span><\/div><article class=\"article-icon-entry av-iconlist-empty\"  itemscope=\"itemscope\" itemtype=\"https:\/\/schema.org\/CreativeWork\" ><div class='iconlist_content_wrap'><header class=\"entry-content-header\"><div class='av_iconlist_title iconlist_title_small   '  itemprop=\"headline\"  >Site web : www.audi-art.com<\/div><\/header><div class='iconlist_content  '  itemprop=\"text\"  ><\/div><\/div><footer class=\"entry-footer\"><\/footer><\/article><div class='iconlist-timeline'><\/div><\/li>\n<\/ul><\/div><br \/>\n<form action=\"https:\/\/www.audi-art.fr\/fr\/contact\/\" method=\"post\"  class=\"avia_ajax_form av-form-labels-hidden   avia-builder-el-6  el_after_av_iconlist  avia-builder-el-last   \" data-avia-form-id=\"1\" data-avia-redirect='' ><fieldset><p class='  first_form  form_element form_fullwidth' id='element_avia_1_1'><label for=\"avia_1_1\">Nom <abbr class=\"required\" title=\"requis\">*<\/abbr><\/label> <input name=\"avia_1_1\" class=\"text_input is_empty\" type=\"text\" id=\"avia_1_1\" value=\"\"  placeholder='Nom*'\/><\/p><p class='  first_form  form_element form_fullwidth' id='element_avia_2_1'><label for=\"avia_2_1\">Adresse mail <abbr class=\"required\" title=\"requis\">*<\/abbr><\/label> <input name=\"avia_2_1\" class=\"text_input is_email\" type=\"text\" id=\"avia_2_1\" value=\"\"  placeholder='Adresse mail*'\/><\/p><p class='  first_form  form_element form_fullwidth' id='element_avia_3_1'><label for=\"avia_3_1\">Sujet <abbr class=\"required\" title=\"requis\">*<\/abbr><\/label> <input name=\"avia_3_1\" class=\"text_input is_empty\" type=\"text\" id=\"avia_3_1\" value=\"\"  placeholder='Sujet*'\/><\/p><p class='  first_form  form_element form_fullwidth' id='element_avia_4_1'><label for=\"avia_4_1\" class=\"textare_label hidden textare_label_avia_4_1\">Message <abbr class=\"required\" title=\"requis\">*<\/abbr><\/label><textarea  placeholder='Message*' name=\"avia_4_1\" class=\"text_area is_empty\" cols=\"40\" rows=\"7\" id=\"avia_4_1\" ><\/textarea><\/p><p class=\"hidden\"><input type=\"text\" name=\"avia_5_1\" class=\"hidden \" id=\"avia_5_1\" value=\"\" \/><\/p><p class='   form_element form_fullwidth' id='element_avia_6_1'><span class='value_verifier_label'>2 + 3 = ?<\/span><input name=\"avia_6_1_verifier\" type=\"hidden\" id=\"avia_6_1_verifier\" value=\"264524543\"\/><label for=\"avia_6_1\">Pour prouver que vous \u00eates un humain, donnez le r\u00e9sultat de cette simple op\u00e9ration <abbr class=\"required\" title=\"requis\">*<\/abbr><\/label><input name=\"avia_6_1\" class=\"text_input captcha\" type=\"text\" id=\"avia_6_1\" value=\"\"\/><\/p><p class=\"form_element \"><input type=\"hidden\" value=\"1\" name=\"avia_generated_form1\" \/><input type=\"submit\" value=\"Envoyer\" class=\"button\"  data-sending-label=\"Envoi\"\/><\/p><\/fieldset><\/form><div id=\"ajaxresponse_1\" class=\"ajaxresponse ajaxresponse_1 hidden\"><\/div><\/p><\/div><div class=\"flex_column av_one_half  flex_column_div   avia-builder-el-7  el_after_av_one_half  el_before_av_hr  \" style='border-width:1px; border-color:#e1e1e1; border-style:solid; padding:25px; border-radius:0px; '><section class=\"av_textblock_section \"  itemscope=\"itemscope\" itemtype=\"https:\/\/schema.org\/CreativeWork\" ><div class='avia_textblock  '   itemprop=\"text\" ><p><iframe loading=\"lazy\" style=\"border: 0;\" src=\"https:\/\/www.google.com\/maps\/embed?pb=!1m14!1m8!1m3!1d10499.023274903746!2d2.3765736!3d48.8628665!3m2!1i1024!2i768!4f13.1!3m3!1m2!1s0x0%3A0x1464db18562a7fb8!2sAudiart!5e0!3m2!1sfr!2sfr!4v1502120175419\" width=\"600\" height=\"800\" frameborder=\"0\" allowfullscreen=\"allowfullscreen\"><\/iframe><\/p>\n<\/div><\/section><\/div><div  style='height:50px' class='hr hr-invisible   avia-builder-el-9  el_after_av_one_half  avia-builder-el-last '><span class='hr-inner ' ><span class='hr-inner-style'><\/span><\/span><\/div>\n\n<!-- AddThis Advanced Settings generic via filter on the_content --><!-- AddThis Share Buttons generic via filter on the_content -->","protected":false},"excerpt":{"rendered":"<p><!-- AddThis Advanced Settings generic via filter on get_the_excerpt --><!-- AddThis Share Buttons generic via filter on get_the_excerpt --><\/p>\n","protected":false},"author":1,"featured_media":0,"parent":0,"menu_order":0,"comment_status":"closed","ping_status":"closed","template":"","meta":{"footnotes":""},"class_list":["post-3831","page","type-page","status-publish","hentry"],"yoast_head":"<!-- This site is optimized with the Yoast SEO plugin v25.1 - https:\/\/yoast.com\/wordpress\/plugins\/seo\/ -->\n<title>Contact et adresse - Groupe Auditorium Artistique %<\/title>\n<meta name=\"description\" content=\"Contact et adresse du Groupe Auditorium Artistique, nos studios vous accompagnent dans tous vos projets de doublage, de post-production audio et vid\u00e9o. %\" \/>\n<meta name=\"robots\" content=\"index, follow, max-snippet:-1, max-image-preview:large, max-video-preview:-1\" \/>\n<link rel=\"canonical\" href=\"https:\/\/www.audi-art.fr\/fr\/contact\/\" \/>\n<meta property=\"og:locale\" content=\"fr_FR\" \/>\n<meta property=\"og:type\" content=\"article\" \/>\n<meta property=\"og:title\" content=\"Contact et adresse - Groupe Auditorium Artistique %\" \/>\n<meta property=\"og:description\" content=\"Contact et adresse du Groupe Auditorium Artistique, nos studios vous accompagnent dans tous vos projets de doublage, de post-production audio et vid\u00e9o. %\" \/>\n<meta property=\"og:url\" content=\"https:\/\/www.audi-art.fr\/fr\/contact\/\" \/>\n<meta property=\"og:site_name\" content=\"Groupe Auditorium Artistique\" \/>\n<meta property=\"article:publisher\" content=\"https:\/\/www.facebook.com\/AudiArtDub\/\" \/>\n<meta property=\"article:modified_time\" content=\"2023-03-15T11:31:04+00:00\" \/>\n<meta name=\"twitter:card\" content=\"summary_large_image\" \/>\n<meta name=\"twitter:site\" content=\"@_AudiArt\" \/>\n<meta name=\"twitter:label1\" content=\"Dur\u00e9e de lecture estim\u00e9e\" \/>\n\t<meta name=\"twitter:data1\" content=\"2 minutes\" \/>\n<script type=\"application\/ld+json\" class=\"yoast-schema-graph\">{\"@context\":\"https:\/\/schema.org\",\"@graph\":[{\"@type\":\"WebPage\",\"@id\":\"https:\/\/www.audi-art.fr\/fr\/contact\/\",\"url\":\"https:\/\/www.audi-art.fr\/fr\/contact\/\",\"name\":\"Contact et adresse - Groupe Auditorium Artistique %\",\"isPartOf\":{\"@id\":\"https:\/\/www.audi-art.fr\/fr\/#website\"},\"datePublished\":\"2017-07-20T15:50:51+00:00\",\"dateModified\":\"2023-03-15T11:31:04+00:00\",\"description\":\"Contact et adresse du Groupe Auditorium Artistique, nos studios vous accompagnent dans tous vos projets de doublage, de post-production audio et vid\u00e9o. %\",\"breadcrumb\":{\"@id\":\"https:\/\/www.audi-art.fr\/fr\/contact\/#breadcrumb\"},\"inLanguage\":\"fr-FR\",\"potentialAction\":[{\"@type\":\"ReadAction\",\"target\":[\"https:\/\/www.audi-art.fr\/fr\/contact\/\"]}]},{\"@type\":\"BreadcrumbList\",\"@id\":\"https:\/\/www.audi-art.fr\/fr\/contact\/#breadcrumb\",\"itemListElement\":[{\"@type\":\"ListItem\",\"position\":1,\"name\":\"Accueil\",\"item\":\"https:\/\/www.audi-art.fr\/fr\/accueil\/\"},{\"@type\":\"ListItem\",\"position\":2,\"name\":\"CONTACT\"}]},{\"@type\":\"WebSite\",\"@id\":\"https:\/\/www.audi-art.fr\/fr\/#website\",\"url\":\"https:\/\/www.audi-art.fr\/fr\/\",\"name\":\"Groupe Auditorium Artistique\",\"description\":\"\",\"potentialAction\":[{\"@type\":\"SearchAction\",\"target\":{\"@type\":\"EntryPoint\",\"urlTemplate\":\"https:\/\/www.audi-art.fr\/fr\/?s={search_term_string}\"},\"query-input\":{\"@type\":\"PropertyValueSpecification\",\"valueRequired\":true,\"valueName\":\"search_term_string\"}}],\"inLanguage\":\"fr-FR\"}]}<\/script>\n<!-- \/ Yoast SEO plugin. -->","yoast_head_json":{"title":"Contact et adresse - Groupe Auditorium Artistique %","description":"Contact et adresse du Groupe Auditorium Artistique, nos studios vous accompagnent dans tous vos projets de doublage, de post-production audio et vid\u00e9o. %","robots":{"index":"index","follow":"follow","max-snippet":"max-snippet:-1","max-image-preview":"max-image-preview:large","max-video-preview":"max-video-preview:-1"},"canonical":"https:\/\/www.audi-art.fr\/fr\/contact\/","og_locale":"fr_FR","og_type":"article","og_title":"Contact et adresse - Groupe Auditorium Artistique %","og_description":"Contact et adresse du Groupe Auditorium Artistique, nos studios vous accompagnent dans tous vos projets de doublage, de post-production audio et vid\u00e9o. %","og_url":"https:\/\/www.audi-art.fr\/fr\/contact\/","og_site_name":"Groupe Auditorium Artistique","article_publisher":"https:\/\/www.facebook.com\/AudiArtDub\/","article_modified_time":"2023-03-15T11:31:04+00:00","twitter_card":"summary_large_image","twitter_site":"@_AudiArt","twitter_misc":{"Dur\u00e9e de lecture estim\u00e9e":"2 minutes"},"schema":{"@context":"https:\/\/schema.org","@graph":[{"@type":"WebPage","@id":"https:\/\/www.audi-art.fr\/fr\/contact\/","url":"https:\/\/www.audi-art.fr\/fr\/contact\/","name":"Contact et adresse - Groupe Auditorium Artistique %","isPartOf":{"@id":"https:\/\/www.audi-art.fr\/fr\/#website"},"datePublished":"2017-07-20T15:50:51+00:00","dateModified":"2023-03-15T11:31:04+00:00","description":"Contact et adresse du Groupe Auditorium Artistique, nos studios vous accompagnent dans tous vos projets de doublage, de post-production audio et vid\u00e9o. %","breadcrumb":{"@id":"https:\/\/www.audi-art.fr\/fr\/contact\/#breadcrumb"},"inLanguage":"fr-FR","potentialAction":[{"@type":"ReadAction","target":["https:\/\/www.audi-art.fr\/fr\/contact\/"]}]},{"@type":"BreadcrumbList","@id":"https:\/\/www.audi-art.fr\/fr\/contact\/#breadcrumb","itemListElement":[{"@type":"ListItem","position":1,"name":"Accueil","item":"https:\/\/www.audi-art.fr\/fr\/accueil\/"},{"@type":"ListItem","position":2,"name":"CONTACT"}]},{"@type":"WebSite","@id":"https:\/\/www.audi-art.fr\/fr\/#website","url":"https:\/\/www.audi-art.fr\/fr\/","name":"Groupe Auditorium Artistique","description":"","potentialAction":[{"@type":"SearchAction","target":{"@type":"EntryPoint","urlTemplate":"https:\/\/www.audi-art.fr\/fr\/?s={search_term_string}"},"query-input":{"@type":"PropertyValueSpecification","valueRequired":true,"valueName":"search_term_string"}}],"inLanguage":"fr-FR"}]}},"_links":{"self":[{"href":"https:\/\/www.audi-art.fr\/fr\/wp-json\/wp\/v2\/pages\/3831","targetHints":{"allow":["GET"]}}],"collection":[{"href":"https:\/\/www.audi-art.fr\/fr\/wp-json\/wp\/v2\/pages"}],"about":[{"href":"https:\/\/www.audi-art.fr\/fr\/wp-json\/wp\/v2\/types\/page"}],"author":[{"embeddable":true,"href":"https:\/\/www.audi-art.fr\/fr\/wp-json\/wp\/v2\/users\/1"}],"replies":[{"embeddable":true,"href":"https:\/\/www.audi-art.fr\/fr\/wp-json\/wp\/v2\/comments?post=3831"}],"version-history":[{"count":3,"href":"https:\/\/www.audi-art.fr\/fr\/wp-json\/wp\/v2\/pages\/3831\/revisions"}],"predecessor-version":[{"id":20959,"href":"https:\/\/www.audi-art.fr\/fr\/wp-json\/wp\/v2\/pages\/3831\/revisions\/20959"}],"wp:attachment":[{"href":"https:\/\/www.audi-art.fr\/fr\/wp-json\/wp\/v2\/media?parent=3831"}],"curies":[{"name":"wp","href":"https:\/\/api.w.org\/{rel}","templated":true}]}}