{"id":2771,"date":"2017-07-13T11:24:40","date_gmt":"2017-07-13T10:24:40","guid":{"rendered":"https:\/\/www.audi-art.fr\/?page_id=2771"},"modified":"2023-01-19T17:10:46","modified_gmt":"2023-01-19T15:10:46","slug":"mentions-legales","status":"publish","type":"page","link":"https:\/\/www.audi-art.fr\/fr\/mentions-legales\/","title":{"rendered":"MENTIONS LEGALES"},"content":{"rendered":"<div id='av_section_1'  class='avia-section main_color avia-section-default avia-no-border-styling  avia-bg-style-scroll  avia-builder-el-0  avia-builder-el-no-sibling   container_wrap fullsize' style=' '  ><div class='container' ><main  role=\"main\" itemprop=\"mainContentOfPage\"  class='template-page content  av-content-full alpha units'><div class='post-entry post-entry-type-page post-entry-2771'><div class='entry-content-wrapper clearfix'>\n<div class=\"flex_column av_one_full  flex_column_div av-zero-column-padding first  avia-builder-el-1  el_before_av_one_full  avia-builder-el-first  \" style='border-radius:0px; '><div  style='padding-bottom:10px; ' class='av-special-heading av-special-heading-h2  blockquote modern-quote modern-centered  avia-builder-el-2  avia-builder-el-no-sibling  '><h2 class='av-special-heading-tag '  itemprop=\"headline\"  > MENTIONS LEGALES<\/h2><div class='special-heading-border'><div class='special-heading-inner-border' ><\/div><\/div><\/div><\/div><div class='flex_column_table av-equal-height-column-flextable -flextable' ><div class=\"flex_column av_one_full  flex_column_table_cell av-equal-height-column av-align-top first  avia-builder-el-3  el_after_av_one_full  el_before_av_hr  column-top-margin\" style='border-width:1px; border-color:#e1e1e1; border-style:solid; padding:25px; border-radius:0px; '><section class=\"av_textblock_section \"  itemscope=\"itemscope\" itemtype=\"https:\/\/schema.org\/CreativeWork\" ><div class='avia_textblock  '   itemprop=\"text\" ><p style=\"text-align: justify;\">GROUPE AUDITORIUM ARTISTIQUE a ouvert ce site Internet pour l\u2019information personnelle de ses utilisateurs. Votre utilisation du site est soumise au respect des conditions g\u00e9n\u00e9rales d\u2019acc\u00e8s et d\u2019utilisation d\u00e9taill\u00e9es ci-dessous et de l\u2019ensemble des lois applicables (conditions g\u00e9n\u00e9rales). Lorsque vous vous connectez au site et que vous le parcourez et l\u2019utilisez, vous acceptez sans r\u00e9serve les conditions g\u00e9n\u00e9rales.<\/p>\n<h2>Informations g\u00e9n\u00e9rales<\/h2>\n<h3 style=\"text-align: justify;\">Propri\u00e9taire du site<\/h3>\n<p style=\"text-align: justify;\">GROUPE AUDITORIUM ARTISTIQUE<br \/>\nL\u2019adresse du si\u00e8ge :62 Avenue Parmentier, 75011 Paris<br \/>\nT\u00e9l. : +33 (0)1 55 28 98 70<\/p>\n<p style=\"text-align: justify;\">Directeur de la publication : <span title=\"Mme Sybille Ktorza\" data-toggle=\"tooltip\" data-placement=\"bottom\">Sybille Ktorza<\/span><\/p>\n<h3 style=\"text-align: justify;\">H\u00e9bergeur<\/h3>\n<p style=\"text-align: justify;\">Raison sociale : OVEA<br \/>\nAdresse : 59 Rue Nelson Mandela 34070 Montpellier<br \/>\nNum\u00e9ro de t\u00e9l\u00e9phone : 04 67 67 00 00<\/p>\n<p style=\"text-align: justify;\">\n<h2>Droits de propri\u00e9t\u00e9 intellectuelle<\/h2>\n<h3 style=\"text-align: justify;\">Droits d\u2019auteur<\/h3>\n<p style=\"text-align: justify;\">Le pr\u00e9sent site constitue une \u0153uvre dont GROUPE AUDITORIUM ARTISTIQUE est l\u2019auteur au sens des articles L. 111.1 et suivants du Code de la propri\u00e9t\u00e9 intellectuelle.<\/p>\n<p style=\"text-align: justify;\">La structure g\u00e9n\u00e9rale, ainsi que les logiciels, textes, images anim\u00e9es ou fixes, sons, savoir-faire, dessins, graphismes et tout autre \u00e9l\u00e9ment composant le site sont la propri\u00e9t\u00e9 exclusive de GROUPE AUDITORIUM ARTISTIQUE, ou de tiers ayant autoris\u00e9 GROUPE AUDITORIUM ARTISTIQUE \u00e0 les utiliser.<br \/>\nLes reproductions, sur un support papier ou informatique, dudit site sont autoris\u00e9es sous r\u00e9serve qu\u2019elles soient strictement r\u00e9serv\u00e9es \u00e0 un usage personnel excluant tout usage \u00e0 des fins publicitaires, commerciales, d\u2019information.<br \/>\nA l\u2019exception des dispositions ci-dessus, toute reproduction ou repr\u00e9sentation totale ou partielle de ce site par quelque proc\u00e9d\u00e9 que ce soit, sans notre autorisation expresse, est interdite et constituerait une contrefa\u00e7on sanctionn\u00e9e par les articles L. 355-2 et suivants du Code de la propri\u00e9t\u00e9 intellectuelle, puni de deux ans d\u2019emprisonnement et de 150.000 Euros d\u2019amende.<\/p>\n<h3 style=\"text-align: justify;\">Respect de votre vie priv\u00e9e<\/h3>\n<p style=\"text-align: justify;\">GROUPE AUDITORIUM ARTISTIQUE se pr\u00e9occupe du respect de la vie priv\u00e9e et la protection des informations, nominatives ou non, de tous les internautes qui souhaitent avoir acc\u00e8s \u00e0 ce site Internet.<br \/>\nVous pouvez consulter ce site sans r\u00e9v\u00e9ler votre identit\u00e9 ou donner la moindre information vous concernant.<br \/>\nLes informations que vous communiquerez sont destin\u00e9es \u00e0 GROUPE AUDITORIUM ARTISTIQUE et ne seront utilis\u00e9es que pour les seules n\u00e9cessit\u00e9s de l\u2019objet de la collecte de donn\u00e9es.<\/p>\n<h3 style=\"text-align: justify;\">Donn\u00e9es personnelles<\/h3>\n<p style=\"text-align: justify;\">Dans un souci de transparence et de protection de vos droits, GROUPE AUDITORIUM ARTISTIQUE ne se procurera pas des informations permettant de vous identifier personnellement sauf \u00e0 ce que vous les communiquiez en nous adressant un e-mail.<\/p>\n<h3 style=\"text-align: justify;\">Droit d\u2019acc\u00e8s<\/h3>\n<p style=\"text-align: justify;\">Il est rappel\u00e9 aux personnes faisant l\u2019objet d\u2019informations nominatives qu\u2019elles disposent d\u2019un droit d\u2019acc\u00e8s, de modification, de rectification et de suppression des donn\u00e9es qui les concernent (article 34 de la loi \u00a0\u00bb Informatique et libert\u00e9s \u00a0\u00bb du 6 janvier 1978). Pour exercer ce droit, merci de nous \u00e9crire en cliquant <a href=\"\/#contact\">ici<\/a>.<\/p>\n<p style=\"text-align: justify;\">Donn\u00e9es \u00e0 caract\u00e8re non personnelNous sommes susceptibles d&rsquo;obtenir des renseignements obtenus automatiquement mais qui ne peuvent, en aucun cas, \u00eatre associ\u00e9s \u00e0 une personne. Ces renseignements concernent le type de navigateur Internet que vous utilisez, le syst\u00e8me de votre ordinateur et le nom du domaine par lequel vous avez acc\u00e9d\u00e9 \u00e0 notre site.<\/p>\n<h3 style=\"text-align: justify;\">Cookies<\/h3>\n<p style=\"text-align: justify;\">Lors de votre visite sur ce site, nous sommes susceptibles d\u2019implanter des cookies sur votre ordinateur. Un cookie ne nous permet pas de vous identifier. De mani\u00e8re g\u00e9n\u00e9rale, il enregistre des informations relatives \u00e0 la navigation de votre ordinateur sur notre site (les pages que vous avez consult\u00e9es, la date et l\u2019heure de la consultation, etc.) que nous pourrons lire lors de vos visites ult\u00e9rieures. Il contient les informations que vous venez de nous fournir.<br \/>\nVous pouvez naturellement vous opposer \u00e0 l\u2019enregistrement de cookies en configurant votre navigateur en cons\u00e9quence. Vous pouvez \u00e9galement supprimer les cookies \u00e0 tout moment et individuellement en vous rapportant au manuel d\u2019utilisation de votre syst\u00e8me d\u2019exploitation.<\/p>\n<h3 style=\"text-align: justify;\">Liens hypertextes<\/h3>\n<p style=\"text-align: justify;\">Les utilisateurs sont formellement inform\u00e9s que les sites auxquels ils peuvent acc\u00e9der par l\u2019interm\u00e9diaire des liens hypertextes ne nous appartiennent pas. GROUPE AUDITORIUM ARTISTIQUE d\u00e9cline toute responsabilit\u00e9 quant au contenu des informations fournies sur ces sites au titre de l\u2019activation du lien.<br \/>\nToute cr\u00e9ation par un tiers, de lien hypertexte en direction de l\u2019une des pages ou cadres du pr\u00e9sent site n\u00e9cessite notre accord pr\u00e9alable.<\/p>\n<h3 style=\"text-align: justify;\">Droit applicable<\/h3>\n<p style=\"text-align: justify;\">Le pr\u00e9sent site est exclusivement r\u00e9gi par le droit interne fran\u00e7ais et par les conventions internationales applicables en France. La langue des Conditions G\u00e9n\u00e9rales est la langue fran\u00e7aise. En cas de litige, les tribunaux fran\u00e7ais seront seuls comp\u00e9tents.<\/p>\n<h3 style=\"text-align: justify;\">Mise \u00e0 jour des conditions g\u00e9n\u00e9rales<\/h3>\n<p style=\"text-align: justify;\">La pr\u00e9sente notice l\u00e9gale est \u00e9tablie \u00e0 un moment d\u00e9termin\u00e9, et est opposable \u00e0 l\u2019utilisateur \u00e0 l\u2019instant o\u00f9 il se connecte sur le site. GROUPE AUDITORIUM ARTISTIQUE se r\u00e9serve le droit de faire \u00e9voluer cette notice l\u00e9gale pour des raisons de mise \u00e0 jour, d\u2019am\u00e9lioration ou d\u2019adaptation. Ces modifications et ces mises \u00e0 jour s\u2019imposent \u00e0 l\u2019internaute qui doit en cons\u00e9quence se r\u00e9f\u00e9rer r\u00e9guli\u00e8rement \u00e0 cette rubrique pour v\u00e9rifier les Conditions G\u00e9n\u00e9rales en vigueur.<\/p>\n<p style=\"text-align: justify;\">Version dat\u00e9e du 12\/07\/2017<\/p>\n<\/div><\/section><\/div><\/div><!--close column table wrapper. Autoclose: 1 --><div  style='height:50px' class='hr hr-invisible   avia-builder-el-5  el_after_av_one_full  avia-builder-el-last '><span class='hr-inner ' ><span class='hr-inner-style'><\/span><\/span><\/div>\n\n<!-- AddThis Advanced Settings generic via filter on the_content --><!-- AddThis Share Buttons generic via filter on the_content -->","protected":false},"excerpt":{"rendered":"<p><!-- AddThis Advanced Settings generic via filter on get_the_excerpt --><!-- AddThis Share Buttons generic via filter on get_the_excerpt --><\/p>\n","protected":false},"author":1,"featured_media":0,"parent":0,"menu_order":0,"comment_status":"closed","ping_status":"closed","template":"","meta":{"footnotes":""},"class_list":["post-2771","page","type-page","status-publish","hentry"],"yoast_head":"<!-- This site is optimized with the Yoast SEO plugin v25.1 - https:\/\/yoast.com\/wordpress\/plugins\/seo\/ -->\n<title>Mentions l\u00e9gales - Groupe Auditorium Artistique<\/title>\n<meta name=\"description\" content=\"Mentions l\u00e9gales du site Groupe Auditorium Artistique, nos studios vous accompagnent dans tous vos projets de doublage, de post-production audio et vid\u00e9o.\" \/>\n<meta name=\"robots\" content=\"index, follow, max-snippet:-1, max-image-preview:large, max-video-preview:-1\" \/>\n<link rel=\"canonical\" href=\"https:\/\/www.audi-art.fr\/fr\/mentions-legales\/\" \/>\n<meta property=\"og:locale\" content=\"fr_FR\" \/>\n<meta property=\"og:type\" content=\"article\" \/>\n<meta property=\"og:title\" content=\"Mentions l\u00e9gales - Groupe Auditorium Artistique\" \/>\n<meta property=\"og:description\" content=\"Mentions l\u00e9gales du site Groupe Auditorium Artistique, nos studios vous accompagnent dans tous vos projets de doublage, de post-production audio et vid\u00e9o.\" \/>\n<meta property=\"og:url\" content=\"https:\/\/www.audi-art.fr\/fr\/mentions-legales\/\" \/>\n<meta property=\"og:site_name\" content=\"Groupe Auditorium Artistique\" \/>\n<meta property=\"article:publisher\" content=\"https:\/\/www.facebook.com\/AudiArtDub\/\" \/>\n<meta property=\"article:modified_time\" content=\"2023-01-19T15:10:46+00:00\" \/>\n<meta name=\"twitter:card\" content=\"summary_large_image\" \/>\n<meta name=\"twitter:site\" content=\"@_AudiArt\" \/>\n<meta name=\"twitter:label1\" content=\"Dur\u00e9e de lecture estim\u00e9e\" \/>\n\t<meta name=\"twitter:data1\" content=\"5 minutes\" \/>\n<script type=\"application\/ld+json\" class=\"yoast-schema-graph\">{\"@context\":\"https:\/\/schema.org\",\"@graph\":[{\"@type\":\"WebPage\",\"@id\":\"https:\/\/www.audi-art.fr\/fr\/mentions-legales\/\",\"url\":\"https:\/\/www.audi-art.fr\/fr\/mentions-legales\/\",\"name\":\"Mentions l\u00e9gales - Groupe Auditorium Artistique\",\"isPartOf\":{\"@id\":\"https:\/\/www.audi-art.fr\/fr\/#website\"},\"datePublished\":\"2017-07-13T10:24:40+00:00\",\"dateModified\":\"2023-01-19T15:10:46+00:00\",\"description\":\"Mentions l\u00e9gales du site Groupe Auditorium Artistique, nos studios vous accompagnent dans tous vos projets de doublage, de post-production audio et vid\u00e9o.\",\"breadcrumb\":{\"@id\":\"https:\/\/www.audi-art.fr\/fr\/mentions-legales\/#breadcrumb\"},\"inLanguage\":\"fr-FR\",\"potentialAction\":[{\"@type\":\"ReadAction\",\"target\":[\"https:\/\/www.audi-art.fr\/fr\/mentions-legales\/\"]}]},{\"@type\":\"BreadcrumbList\",\"@id\":\"https:\/\/www.audi-art.fr\/fr\/mentions-legales\/#breadcrumb\",\"itemListElement\":[{\"@type\":\"ListItem\",\"position\":1,\"name\":\"Accueil\",\"item\":\"https:\/\/www.audi-art.fr\/fr\/accueil\/\"},{\"@type\":\"ListItem\",\"position\":2,\"name\":\"MENTIONS LEGALES\"}]},{\"@type\":\"WebSite\",\"@id\":\"https:\/\/www.audi-art.fr\/fr\/#website\",\"url\":\"https:\/\/www.audi-art.fr\/fr\/\",\"name\":\"Groupe Auditorium Artistique\",\"description\":\"\",\"potentialAction\":[{\"@type\":\"SearchAction\",\"target\":{\"@type\":\"EntryPoint\",\"urlTemplate\":\"https:\/\/www.audi-art.fr\/fr\/?s={search_term_string}\"},\"query-input\":{\"@type\":\"PropertyValueSpecification\",\"valueRequired\":true,\"valueName\":\"search_term_string\"}}],\"inLanguage\":\"fr-FR\"}]}<\/script>\n<!-- \/ Yoast SEO plugin. -->","yoast_head_json":{"title":"Mentions l\u00e9gales - Groupe Auditorium Artistique","description":"Mentions l\u00e9gales du site Groupe Auditorium Artistique, nos studios vous accompagnent dans tous vos projets de doublage, de post-production audio et vid\u00e9o.","robots":{"index":"index","follow":"follow","max-snippet":"max-snippet:-1","max-image-preview":"max-image-preview:large","max-video-preview":"max-video-preview:-1"},"canonical":"https:\/\/www.audi-art.fr\/fr\/mentions-legales\/","og_locale":"fr_FR","og_type":"article","og_title":"Mentions l\u00e9gales - Groupe Auditorium Artistique","og_description":"Mentions l\u00e9gales du site Groupe Auditorium Artistique, nos studios vous accompagnent dans tous vos projets de doublage, de post-production audio et vid\u00e9o.","og_url":"https:\/\/www.audi-art.fr\/fr\/mentions-legales\/","og_site_name":"Groupe Auditorium Artistique","article_publisher":"https:\/\/www.facebook.com\/AudiArtDub\/","article_modified_time":"2023-01-19T15:10:46+00:00","twitter_card":"summary_large_image","twitter_site":"@_AudiArt","twitter_misc":{"Dur\u00e9e de lecture estim\u00e9e":"5 minutes"},"schema":{"@context":"https:\/\/schema.org","@graph":[{"@type":"WebPage","@id":"https:\/\/www.audi-art.fr\/fr\/mentions-legales\/","url":"https:\/\/www.audi-art.fr\/fr\/mentions-legales\/","name":"Mentions l\u00e9gales - Groupe Auditorium Artistique","isPartOf":{"@id":"https:\/\/www.audi-art.fr\/fr\/#website"},"datePublished":"2017-07-13T10:24:40+00:00","dateModified":"2023-01-19T15:10:46+00:00","description":"Mentions l\u00e9gales du site Groupe Auditorium Artistique, nos studios vous accompagnent dans tous vos projets de doublage, de post-production audio et vid\u00e9o.","breadcrumb":{"@id":"https:\/\/www.audi-art.fr\/fr\/mentions-legales\/#breadcrumb"},"inLanguage":"fr-FR","potentialAction":[{"@type":"ReadAction","target":["https:\/\/www.audi-art.fr\/fr\/mentions-legales\/"]}]},{"@type":"BreadcrumbList","@id":"https:\/\/www.audi-art.fr\/fr\/mentions-legales\/#breadcrumb","itemListElement":[{"@type":"ListItem","position":1,"name":"Accueil","item":"https:\/\/www.audi-art.fr\/fr\/accueil\/"},{"@type":"ListItem","position":2,"name":"MENTIONS LEGALES"}]},{"@type":"WebSite","@id":"https:\/\/www.audi-art.fr\/fr\/#website","url":"https:\/\/www.audi-art.fr\/fr\/","name":"Groupe Auditorium Artistique","description":"","potentialAction":[{"@type":"SearchAction","target":{"@type":"EntryPoint","urlTemplate":"https:\/\/www.audi-art.fr\/fr\/?s={search_term_string}"},"query-input":{"@type":"PropertyValueSpecification","valueRequired":true,"valueName":"search_term_string"}}],"inLanguage":"fr-FR"}]}},"_links":{"self":[{"href":"https:\/\/www.audi-art.fr\/fr\/wp-json\/wp\/v2\/pages\/2771","targetHints":{"allow":["GET"]}}],"collection":[{"href":"https:\/\/www.audi-art.fr\/fr\/wp-json\/wp\/v2\/pages"}],"about":[{"href":"https:\/\/www.audi-art.fr\/fr\/wp-json\/wp\/v2\/types\/page"}],"author":[{"embeddable":true,"href":"https:\/\/www.audi-art.fr\/fr\/wp-json\/wp\/v2\/users\/1"}],"replies":[{"embeddable":true,"href":"https:\/\/www.audi-art.fr\/fr\/wp-json\/wp\/v2\/comments?post=2771"}],"version-history":[{"count":2,"href":"https:\/\/www.audi-art.fr\/fr\/wp-json\/wp\/v2\/pages\/2771\/revisions"}],"predecessor-version":[{"id":20777,"href":"https:\/\/www.audi-art.fr\/fr\/wp-json\/wp\/v2\/pages\/2771\/revisions\/20777"}],"wp:attachment":[{"href":"https:\/\/www.audi-art.fr\/fr\/wp-json\/wp\/v2\/media?parent=2771"}],"curies":[{"name":"wp","href":"https:\/\/api.w.org\/{rel}","templated":true}]}}