{"id":2671,"date":"2017-07-13T11:11:44","date_gmt":"2017-07-13T10:11:44","guid":{"rendered":"https:\/\/www.audi-art.fr\/?page_id=2671"},"modified":"2023-04-11T14:36:10","modified_gmt":"2023-04-11T12:36:10","slug":"audiart-sound","status":"publish","type":"page","link":"https:\/\/www.audi-art.fr\/fr\/audiart-sound\/","title":{"rendered":"AUDI\u2019ART SOUND"},"content":{"rendered":"<div id='av_section_1'  class='avia-section main_color avia-section-default avia-no-shadow  av-section-color-overlay-active avia-bg-style-scroll  avia-builder-el-0  avia-builder-el-no-sibling   container_wrap fullsize' style=' '  ><div class='av-section-color-overlay-wrap'><div class='av-section-color-overlay' style='opacity: 0.9; background-color: #ffffff; '><\/div><div class='container' ><main  role=\"main\" itemprop=\"mainContentOfPage\"  class='template-page content  av-content-full alpha units'><div class='post-entry post-entry-type-page post-entry-2671'><div class='entry-content-wrapper clearfix'>\n<div class='flex_column_table av-equal-height-column-flextable -flextable' ><div class=\"flex_column av_one_half  flex_column_table_cell av-equal-height-column av-align-middle first  avia-builder-el-1  el_before_av_one_half  avia-builder-el-first  \" style='padding:25px; background-color:#f9f9f9; border-radius:0px; '><p><div  class='avia-image-container  av-styling-no-styling    avia-builder-el-2  el_before_av_textblock  avia-builder-el-first  avia-align-center '  itemprop=\"image\" itemscope=\"itemscope\" itemtype=\"https:\/\/schema.org\/ImageObject\"  ><div class='avia-image-container-inner'><div class='avia-image-overlay-wrap'><img decoding=\"async\" class='wp-image-4841 avia-img-lazy-loading-not-4841 avia_image' src=\"https:\/\/www.audi-art.fr\/wp-content\/uploads\/2017\/07\/logo-audi-art-sound-1.png\" alt='' title='logo-audi-art-sound' height=\"200\" width=\"200\"  itemprop=\"thumbnailUrl\" srcset=\"https:\/\/www.audi-art.fr\/wp-content\/uploads\/2017\/07\/logo-audi-art-sound-1.png 200w, https:\/\/www.audi-art.fr\/wp-content\/uploads\/2017\/07\/logo-audi-art-sound-1-80x80.png 80w, https:\/\/www.audi-art.fr\/wp-content\/uploads\/2017\/07\/logo-audi-art-sound-1-36x36.png 36w, https:\/\/www.audi-art.fr\/wp-content\/uploads\/2017\/07\/logo-audi-art-sound-1-180x180.png 180w, https:\/\/www.audi-art.fr\/wp-content\/uploads\/2017\/07\/logo-audi-art-sound-1-120x120.png 120w\" sizes=\"(max-width: 200px) 100vw, 200px\" \/><\/div><\/div><\/div><br \/>\n<section class=\"av_textblock_section \"  itemscope=\"itemscope\" itemtype=\"https:\/\/schema.org\/CreativeWork\" ><div class='avia_textblock  '   itemprop=\"text\" ><p><strong>POST-PRODUCTION AUDIO<\/strong><\/p>\n<ul>\n<li>Sound design et montage son<\/li>\n<li>Bruitage traditionnel<\/li>\n<li>Mixage<\/li>\n<li>Restauration sonore<\/li>\n<\/ul>\n<\/div><\/section><br \/>\n<div  class='avia-button-wrap avia-button-center  avia-builder-el-4  el_after_av_textblock  avia-builder-el-last ' ><a href='https:\/\/www.audi-art.fr\/fr\/contact\/' class='avia-button avia-button-fullwidth   avia-icon_select-no avia-color-custom '  style='color:#ffffff; background-color:#f19028; ' ><span class='avia_iconbox_title' >Contactez-nous<\/span><span class='avia_button_background avia-button avia-button-fullwidth avia-color-custom' style='background-color:#f2a95c;'><\/span><\/a><\/div><\/p><\/div><div class='av-flex-placeholder'><\/div><div class=\"flex_column av_one_half  flex_column_table_cell av-equal-height-column av-align-middle   avia-builder-el-5  el_after_av_one_half  avia-builder-el-last  \" style='padding:25px 25px 5px 25px ; border-radius:0px; '><p><div  class='avia-image-container  av-styling-    avia-builder-el-6  el_before_av_heading  avia-builder-el-first  avia-align-center '  itemprop=\"image\" itemscope=\"itemscope\" itemtype=\"https:\/\/schema.org\/ImageObject\"  ><div class='avia-image-container-inner'><div class='avia-image-overlay-wrap'><img decoding=\"async\" class='wp-image-11511 avia-img-lazy-loading-not-11511 avia_image' src=\"https:\/\/www.audi-art.fr\/wp-content\/uploads\/2017\/07\/SOUND-IMAGE-V3-rectangle.jpg\" alt='' title='SOUND IMAGE V3 - rectangle' height=\"281\" width=\"800\"  itemprop=\"thumbnailUrl\" srcset=\"https:\/\/www.audi-art.fr\/wp-content\/uploads\/2017\/07\/SOUND-IMAGE-V3-rectangle.jpg 800w, https:\/\/www.audi-art.fr\/wp-content\/uploads\/2017\/07\/SOUND-IMAGE-V3-rectangle-300x105.jpg 300w, https:\/\/www.audi-art.fr\/wp-content\/uploads\/2017\/07\/SOUND-IMAGE-V3-rectangle-768x270.jpg 768w, https:\/\/www.audi-art.fr\/wp-content\/uploads\/2017\/07\/SOUND-IMAGE-V3-rectangle-705x248.jpg 705w, https:\/\/www.audi-art.fr\/wp-content\/uploads\/2017\/07\/SOUND-IMAGE-V3-rectangle-450x158.jpg 450w\" sizes=\"(max-width: 800px) 100vw, 800px\" \/><\/div><\/div><\/div><br \/>\n<div  style='padding-bottom:10px; ' class='av-special-heading av-special-heading-h3    avia-builder-el-7  el_after_av_image  el_before_av_textblock  '><h3 class='av-special-heading-tag '  itemprop=\"headline\"  >EQUIPEMENT<\/h3><div class='special-heading-border'><div class='special-heading-inner-border' ><\/div><\/div><\/div><br \/>\n<section class=\"av_textblock_section \"  itemscope=\"itemscope\" itemtype=\"https:\/\/schema.org\/CreativeWork\" ><div class='avia_textblock  '   itemprop=\"text\" ><p><strong>Montage son et Sound design<\/strong><br \/>\n4 cabines\u00a0:<br \/>\nProtools HD2, surface de contr\u00f4le Euphonix Artist.<br \/>\n\u00c9coutes 5.1 Sonoth\u00e8que sur serveur<\/p>\n<\/div><\/section><br \/>\n<div  style='padding-bottom:10px; ' class='av-special-heading av-special-heading-h3    avia-builder-el-9  el_after_av_textblock  el_before_av_textblock  '><h3 class='av-special-heading-tag '  itemprop=\"headline\"  >MIXAGE<\/h3><div class='special-heading-border'><div class='special-heading-inner-border' ><\/div><\/div><\/div><br \/>\n<section class=\"av_textblock_section \"  itemscope=\"itemscope\" itemtype=\"https:\/\/schema.org\/CreativeWork\" ><div class='avia_textblock  '   itemprop=\"text\" ><p>2 salles d\u00e9di\u00e9es TV et pr\u00e9mix film :<\/span><\/p>\n<ul>\n<li>Protools HD5, Icon DControl et DCommand Plugin wave, altiverb, flux, sonnox&#8230;<\/li>\n<li>Projection vid\u00e9o SD HD 2D\/ 3D<\/li>\n<\/ul>\n<\/div><\/section><\/p><\/div><\/div><!--close column table wrapper. Autoclose: 1 -->\n<!-- AddThis Advanced Settings generic via filter on the_content --><!-- AddThis Share Buttons generic via filter on the_content -->","protected":false},"excerpt":{"rendered":"<p><!-- AddThis Advanced Settings generic via filter on get_the_excerpt --><!-- AddThis Share Buttons generic via filter on get_the_excerpt --><\/p>\n","protected":false},"author":1,"featured_media":0,"parent":0,"menu_order":0,"comment_status":"closed","ping_status":"closed","template":"","meta":{"footnotes":""},"class_list":["post-2671","page","type-page","status-publish","hentry"],"yoast_head":"<!-- This site is optimized with the Yoast SEO plugin v25.1 - https:\/\/yoast.com\/wordpress\/plugins\/seo\/ -->\n<title>AUDI\u2019ART SOUND, son post-production - Groupe Auditorium Artistique<\/title>\n<meta name=\"description\" content=\"AUDI\u2019ART SOUND vous accompagne dans vos projets de post-production audio : soud design et montage, bruitage traditionnel, mixage, restauration sonore.\" \/>\n<meta name=\"robots\" content=\"index, follow, max-snippet:-1, max-image-preview:large, max-video-preview:-1\" \/>\n<link rel=\"canonical\" href=\"https:\/\/www.audi-art.fr\/fr\/audiart-sound\/\" \/>\n<meta property=\"og:locale\" content=\"fr_FR\" \/>\n<meta property=\"og:type\" content=\"article\" \/>\n<meta property=\"og:title\" content=\"AUDI\u2019ART SOUND, son post-production - Groupe Auditorium Artistique\" \/>\n<meta property=\"og:description\" content=\"AUDI\u2019ART SOUND vous accompagne dans vos projets de post-production audio : soud design et montage, bruitage traditionnel, mixage, restauration sonore.\" \/>\n<meta property=\"og:url\" content=\"https:\/\/www.audi-art.fr\/fr\/audiart-sound\/\" \/>\n<meta property=\"og:site_name\" content=\"Groupe Auditorium Artistique\" \/>\n<meta property=\"article:publisher\" content=\"https:\/\/www.facebook.com\/AudiArtDub\/\" \/>\n<meta property=\"article:modified_time\" content=\"2023-04-11T12:36:10+00:00\" \/>\n<meta name=\"twitter:card\" content=\"summary_large_image\" \/>\n<meta name=\"twitter:site\" content=\"@_AudiArt\" \/>\n<meta name=\"twitter:label1\" content=\"Dur\u00e9e de lecture estim\u00e9e\" \/>\n\t<meta name=\"twitter:data1\" content=\"2 minutes\" \/>\n<script type=\"application\/ld+json\" class=\"yoast-schema-graph\">{\"@context\":\"https:\/\/schema.org\",\"@graph\":[{\"@type\":\"WebPage\",\"@id\":\"https:\/\/www.audi-art.fr\/fr\/audiart-sound\/\",\"url\":\"https:\/\/www.audi-art.fr\/fr\/audiart-sound\/\",\"name\":\"AUDI\u2019ART SOUND, son post-production - Groupe Auditorium Artistique\",\"isPartOf\":{\"@id\":\"https:\/\/www.audi-art.fr\/fr\/#website\"},\"datePublished\":\"2017-07-13T10:11:44+00:00\",\"dateModified\":\"2023-04-11T12:36:10+00:00\",\"description\":\"AUDI\u2019ART SOUND vous accompagne dans vos projets de post-production audio : soud design et montage, bruitage traditionnel, mixage, restauration sonore.\",\"breadcrumb\":{\"@id\":\"https:\/\/www.audi-art.fr\/fr\/audiart-sound\/#breadcrumb\"},\"inLanguage\":\"fr-FR\",\"potentialAction\":[{\"@type\":\"ReadAction\",\"target\":[\"https:\/\/www.audi-art.fr\/fr\/audiart-sound\/\"]}]},{\"@type\":\"BreadcrumbList\",\"@id\":\"https:\/\/www.audi-art.fr\/fr\/audiart-sound\/#breadcrumb\",\"itemListElement\":[{\"@type\":\"ListItem\",\"position\":1,\"name\":\"Accueil\",\"item\":\"https:\/\/www.audi-art.fr\/fr\/accueil\/\"},{\"@type\":\"ListItem\",\"position\":2,\"name\":\"AUDI\u2019ART SOUND\"}]},{\"@type\":\"WebSite\",\"@id\":\"https:\/\/www.audi-art.fr\/fr\/#website\",\"url\":\"https:\/\/www.audi-art.fr\/fr\/\",\"name\":\"Groupe Auditorium Artistique\",\"description\":\"\",\"potentialAction\":[{\"@type\":\"SearchAction\",\"target\":{\"@type\":\"EntryPoint\",\"urlTemplate\":\"https:\/\/www.audi-art.fr\/fr\/?s={search_term_string}\"},\"query-input\":{\"@type\":\"PropertyValueSpecification\",\"valueRequired\":true,\"valueName\":\"search_term_string\"}}],\"inLanguage\":\"fr-FR\"}]}<\/script>\n<!-- \/ Yoast SEO plugin. -->","yoast_head_json":{"title":"AUDI\u2019ART SOUND, son post-production - Groupe Auditorium Artistique","description":"AUDI\u2019ART SOUND vous accompagne dans vos projets de post-production audio : soud design et montage, bruitage traditionnel, mixage, restauration sonore.","robots":{"index":"index","follow":"follow","max-snippet":"max-snippet:-1","max-image-preview":"max-image-preview:large","max-video-preview":"max-video-preview:-1"},"canonical":"https:\/\/www.audi-art.fr\/fr\/audiart-sound\/","og_locale":"fr_FR","og_type":"article","og_title":"AUDI\u2019ART SOUND, son post-production - Groupe Auditorium Artistique","og_description":"AUDI\u2019ART SOUND vous accompagne dans vos projets de post-production audio : soud design et montage, bruitage traditionnel, mixage, restauration sonore.","og_url":"https:\/\/www.audi-art.fr\/fr\/audiart-sound\/","og_site_name":"Groupe Auditorium Artistique","article_publisher":"https:\/\/www.facebook.com\/AudiArtDub\/","article_modified_time":"2023-04-11T12:36:10+00:00","twitter_card":"summary_large_image","twitter_site":"@_AudiArt","twitter_misc":{"Dur\u00e9e de lecture estim\u00e9e":"2 minutes"},"schema":{"@context":"https:\/\/schema.org","@graph":[{"@type":"WebPage","@id":"https:\/\/www.audi-art.fr\/fr\/audiart-sound\/","url":"https:\/\/www.audi-art.fr\/fr\/audiart-sound\/","name":"AUDI\u2019ART SOUND, son post-production - Groupe Auditorium Artistique","isPartOf":{"@id":"https:\/\/www.audi-art.fr\/fr\/#website"},"datePublished":"2017-07-13T10:11:44+00:00","dateModified":"2023-04-11T12:36:10+00:00","description":"AUDI\u2019ART SOUND vous accompagne dans vos projets de post-production audio : soud design et montage, bruitage traditionnel, mixage, restauration sonore.","breadcrumb":{"@id":"https:\/\/www.audi-art.fr\/fr\/audiart-sound\/#breadcrumb"},"inLanguage":"fr-FR","potentialAction":[{"@type":"ReadAction","target":["https:\/\/www.audi-art.fr\/fr\/audiart-sound\/"]}]},{"@type":"BreadcrumbList","@id":"https:\/\/www.audi-art.fr\/fr\/audiart-sound\/#breadcrumb","itemListElement":[{"@type":"ListItem","position":1,"name":"Accueil","item":"https:\/\/www.audi-art.fr\/fr\/accueil\/"},{"@type":"ListItem","position":2,"name":"AUDI\u2019ART SOUND"}]},{"@type":"WebSite","@id":"https:\/\/www.audi-art.fr\/fr\/#website","url":"https:\/\/www.audi-art.fr\/fr\/","name":"Groupe Auditorium Artistique","description":"","potentialAction":[{"@type":"SearchAction","target":{"@type":"EntryPoint","urlTemplate":"https:\/\/www.audi-art.fr\/fr\/?s={search_term_string}"},"query-input":{"@type":"PropertyValueSpecification","valueRequired":true,"valueName":"search_term_string"}}],"inLanguage":"fr-FR"}]}},"_links":{"self":[{"href":"https:\/\/www.audi-art.fr\/fr\/wp-json\/wp\/v2\/pages\/2671","targetHints":{"allow":["GET"]}}],"collection":[{"href":"https:\/\/www.audi-art.fr\/fr\/wp-json\/wp\/v2\/pages"}],"about":[{"href":"https:\/\/www.audi-art.fr\/fr\/wp-json\/wp\/v2\/types\/page"}],"author":[{"embeddable":true,"href":"https:\/\/www.audi-art.fr\/fr\/wp-json\/wp\/v2\/users\/1"}],"replies":[{"embeddable":true,"href":"https:\/\/www.audi-art.fr\/fr\/wp-json\/wp\/v2\/comments?post=2671"}],"version-history":[{"count":2,"href":"https:\/\/www.audi-art.fr\/fr\/wp-json\/wp\/v2\/pages\/2671\/revisions"}],"predecessor-version":[{"id":21046,"href":"https:\/\/www.audi-art.fr\/fr\/wp-json\/wp\/v2\/pages\/2671\/revisions\/21046"}],"wp:attachment":[{"href":"https:\/\/www.audi-art.fr\/fr\/wp-json\/wp\/v2\/media?parent=2671"}],"curies":[{"name":"wp","href":"https:\/\/api.w.org\/{rel}","templated":true}]}}